{"id":30,"date":"2020-05-04T09:21:31","date_gmt":"2020-05-04T07:21:31","guid":{"rendered":"https:\/\/wordpress.kbe-elektrotechnik.com\/?page_id=30"},"modified":"2024-05-10T08:52:17","modified_gmt":"2024-05-10T06:52:17","slug":"site-notice","status":"publish","type":"page","link":"https:\/\/ahk-technik.de\/en\/site-notice\/","title":{"rendered":"Site Notice"},"content":{"rendered":"\n<p>AHK Kabeltechnik GmbH<br>K\u00f6lner Stra\u00dfe 28<br>53937 Schleiden-Gem\u00fcnd<\/p>\n\n\n\n<p>Commercial Register: HRB 3362<br>Registration court: Amtsgericht D\u00fcren<\/p>\n\n\n\n<p><strong>Represented by:<\/strong><br>Stefan Ke\u00dfler<\/p>\n\n\n\n<h2 class=\"wp-block-heading\">Contact<\/h2>\n\n\n\n<p>Phone: +49 (0) 2444 86 88 00<br>Telefax: +49 (0) 2444 33 77<br>E-mail: kabel@ahk-technik.de<\/p>\n\n\n\n<h2 class=\"wp-block-heading\">VAT ID<\/h2>\n\n\n\n<p>Sales tax identification number according to Sect. 27 a of the Sales Tax Law:<br>DE812739419<\/p>\n\n\n\n<h2 class=\"wp-block-heading\">Person responsible for editorial<\/h2>\n\n\n\n<p>Stefan Ke\u00dfler<\/p>\n\n\n\n<h2 class=\"wp-block-heading\">EU dispute resolution<\/h2>\n\n\n\n<p>The European Commission provides a platform for online dispute resolution (ODR): <a href=\"https:\/\/ec.europa.eu\/consumers\/odr\/\" target=\"_blank\" rel=\"noreferrer noopener\">https:\/\/ec.europa.eu\/consumers\/odr\/<\/a>.<br>Our e-mail address can be found above in the site notice.<\/p>\n\n\n\n<h2 class=\"wp-block-heading\">Dispute resolution proceedings in front of a consumer arbitration board<\/h2>\n\n\n\n<p>We are not willing or obliged to participate in dispute resolution proceedings in front of a consumer arbitration board.<\/p>\n\n\n\n<h2 class=\"wp-block-heading\">Design &amp; Development<\/h2>\n\n\n\n<p>SEO Revolution GmbH<br><a href=\"https:\/\/seo-revolution.com\/\">https:\/\/seo-revolution.com\/<\/a><\/p>\n","protected":false},"excerpt":{"rendered":"<p>AHK Kabeltechnik GmbHK\u00f6lner Stra\u00dfe 2853937 Schleiden-Gem\u00fcnd Commercial Register: HRB 3362Registration court: Amtsgericht D\u00fcren Represented by:Stefan Ke\u00dfler Contact Phone: +49 (0) 2444 86 88 00Telefax: +49 (0) 2444 33 77E-mail: kabel@ahk-technik.de VAT ID Sales tax identification number according to Sect. 27 a of the Sales Tax Law:DE812739419 Person responsible for editorial Stefan Ke\u00dfler EU dispute resolution [&hellip;]<\/p>\n","protected":false},"author":2,"featured_media":0,"parent":0,"menu_order":0,"comment_status":"closed","ping_status":"closed","template":"","meta":{"_acf_changed":false,"_seopress_robots_primary_cat":"","_seopress_titles_title":"Imprint of AHK Kabeltechnik GmbH","_seopress_titles_desc":"Here you will find all legal information about our company","_seopress_robots_index":"","footnotes":""},"class_list":["post-30","page","type-page","status-publish"],"acf":[],"_links":{"self":[{"href":"https:\/\/ahk-technik.de\/en\/wp-json\/wp\/v2\/pages\/30","targetHints":{"allow":["GET"]}}],"collection":[{"href":"https:\/\/ahk-technik.de\/en\/wp-json\/wp\/v2\/pages"}],"about":[{"href":"https:\/\/ahk-technik.de\/en\/wp-json\/wp\/v2\/types\/page"}],"author":[{"embeddable":true,"href":"https:\/\/ahk-technik.de\/en\/wp-json\/wp\/v2\/users\/2"}],"replies":[{"embeddable":true,"href":"https:\/\/ahk-technik.de\/en\/wp-json\/wp\/v2\/comments?post=30"}],"version-history":[{"count":6,"href":"https:\/\/ahk-technik.de\/en\/wp-json\/wp\/v2\/pages\/30\/revisions"}],"predecessor-version":[{"id":5411,"href":"https:\/\/ahk-technik.de\/en\/wp-json\/wp\/v2\/pages\/30\/revisions\/5411"}],"wp:attachment":[{"href":"https:\/\/ahk-technik.de\/en\/wp-json\/wp\/v2\/media?parent=30"}],"curies":[{"name":"wp","href":"https:\/\/api.w.org\/{rel}","templated":true}]}}